{"id":3814,"date":"2025-12-01T12:02:55","date_gmt":"2025-12-01T10:02:55","guid":{"rendered":"https:\/\/fokusnordictilat.fi\/rahastot-ja-kehityshankkeet\/"},"modified":"2026-04-09T16:29:36","modified_gmt":"2026-04-09T13:29:36","slug":"funds-and-development-projects","status":"publish","type":"page","link":"https:\/\/fokusnordictilat.fi\/en\/funds-and-development-projects\/","title":{"rendered":"Funds, Mandates and Development Projects"},"content":{"rendered":"<div class=\"block block-featured-block\">\n\t<div class=\"row\">\n\t\t<div class=\"col-12 col-md-6 order-md-1 image-cover\">\n\t\t\t<img loading=\"lazy\" decoding=\"async\" width=\"1640\" height=\"1094\" src=\"https:\/\/fokusnordictilat.fi\/wp-content\/uploads\/2025\/11\/Teleskooppikuva-16_HR-scaled-2-1640x1094.jpg\" class=\"attachment-large size-large\" alt=\"\" srcset=\"https:\/\/fokusnordictilat.fi\/wp-content\/uploads\/2025\/11\/Teleskooppikuva-16_HR-scaled-2-1640x1094.jpg 1640w, https:\/\/fokusnordictilat.fi\/wp-content\/uploads\/2025\/11\/Teleskooppikuva-16_HR-scaled-2-536x357.jpg 536w, https:\/\/fokusnordictilat.fi\/wp-content\/uploads\/2025\/11\/Teleskooppikuva-16_HR-scaled-2-1920x1280.jpg 1920w\" sizes=\"auto, (max-width: 1640px) 100vw, 1640px\" \/>\t\t<\/div>\n\t\t<div class=\"col-12 col-md-6 order-md-2 text-col\">\n\t\t\t<div class=\"text\">\n\t\t\t\t<h2>Fokus Property Fund Finland I Ky<\/h2>\n<p>Fokus Property Fund Finland I Ky invests in Finnish retail, industrial, and office properties. As an open-ended fund, it accepts new investments quarterly, providing investors with regular opportunities to participate.<\/p>\n<p><a class=\"arrow-link\" href=\"https:\/\/fokusnordictilat.fi\/en\/funds-and-development-projects\/fokus-property-fund-finland-i-ky\/\">Read more<\/a><\/p>\n\t\t\t<\/div>\n\t\t<\/div>\n\t<\/div>\n<\/div>\n\n\n<div class=\"block block-featured-block\">\n\t<div class=\"row\">\n\t\t<div class=\"col-12 col-md-6 order-md-2 image-cover\">\n\t\t\t<img loading=\"lazy\" decoding=\"async\" width=\"1640\" height=\"905\" src=\"https:\/\/fokusnordictilat.fi\/wp-content\/uploads\/2025\/12\/Tonttirahasto-I_As-Oy-Rantahelmi-e1764764168959-1640x905.jpg\" class=\"attachment-large size-large\" alt=\"\" srcset=\"https:\/\/fokusnordictilat.fi\/wp-content\/uploads\/2025\/12\/Tonttirahasto-I_As-Oy-Rantahelmi-e1764764168959-1640x905.jpg 1640w, https:\/\/fokusnordictilat.fi\/wp-content\/uploads\/2025\/12\/Tonttirahasto-I_As-Oy-Rantahelmi-e1764764168959-536x296.jpg 536w, https:\/\/fokusnordictilat.fi\/wp-content\/uploads\/2025\/12\/Tonttirahasto-I_As-Oy-Rantahelmi-e1764764168959-1920x1059.jpg 1920w\" sizes=\"auto, (max-width: 1640px) 100vw, 1640px\" \/>\t\t<\/div>\n\t\t<div class=\"col-12 col-md-6 order-md-1 text-col\">\n\t\t\t<div class=\"text\">\n\t\t\t\t<h2>Fokus Tonttirahasto Ky<\/h2>\n<p>The fund invests in residential plots with zoning plans located in the Helsinki metropolitan area and other growth centers. The fund is closed and therefore does not accept new investments.<\/p>\n<p><a class=\"arrow-link\" href=\"https:\/\/fokusnordictilat.fi\/en\/funds-and-development-projects\/fokus-tonttirahasto-ky\/\">Read more<\/a><\/p>\n\t\t\t<\/div>\n\t\t<\/div>\n\t<\/div>\n<\/div>\n\n\n<div class=\"block block-featured-block\">\n\t<div class=\"row\">\n\t\t<div class=\"col-12 col-md-6 order-md-1 image-cover\">\n\t\t\t<img loading=\"lazy\" decoding=\"async\" width=\"1500\" height=\"1004\" src=\"https:\/\/fokusnordictilat.fi\/wp-content\/uploads\/2025\/12\/lauttasaaren_onni6.jpg\" class=\"attachment-large size-large\" alt=\"\" srcset=\"https:\/\/fokusnordictilat.fi\/wp-content\/uploads\/2025\/12\/lauttasaaren_onni6.jpg 1500w, https:\/\/fokusnordictilat.fi\/wp-content\/uploads\/2025\/12\/lauttasaaren_onni6-536x359.jpg 536w\" sizes=\"auto, (max-width: 1500px) 100vw, 1500px\" \/>\t\t<\/div>\n\t\t<div class=\"col-12 col-md-6 order-md-2 text-col\">\n\t\t\t<div class=\"text\">\n\t\t\t\t<h2>Fokus Tonttirahasto II Ky<\/h2>\n<p>The fund invests in residential plots with zoning plans located in the Helsinki metropolitan area and other growth centers. The fund is closed and therefore does not accept new investments.<\/p>\n<p><a class=\"arrow-link\" href=\"https:\/\/fokusnordictilat.fi\/en\/funds-and-development-projects\/fokus-tonttirahasto-ii-ky\/\">Read more<\/a><\/p>\n\t\t\t<\/div>\n\t\t<\/div>\n\t<\/div>\n<\/div>\n\n\n<div class=\"block block-featured-block\">\n\t<div class=\"row\">\n\t\t<div class=\"col-12 col-md-6 order-md-2 image-cover\">\n\t\t\t<img loading=\"lazy\" decoding=\"async\" width=\"1640\" height=\"923\" src=\"https:\/\/fokusnordictilat.fi\/wp-content\/uploads\/2026\/04\/dji_fly_20230809_090040_580_1691561423903_photo-1640x923.jpg\" class=\"attachment-large size-large\" alt=\"\" srcset=\"https:\/\/fokusnordictilat.fi\/wp-content\/uploads\/2026\/04\/dji_fly_20230809_090040_580_1691561423903_photo-1640x923.jpg 1640w, https:\/\/fokusnordictilat.fi\/wp-content\/uploads\/2026\/04\/dji_fly_20230809_090040_580_1691561423903_photo-536x302.jpg 536w, https:\/\/fokusnordictilat.fi\/wp-content\/uploads\/2026\/04\/dji_fly_20230809_090040_580_1691561423903_photo-1920x1080.jpg 1920w\" sizes=\"auto, (max-width: 1640px) 100vw, 1640px\" \/>\t\t<\/div>\n\t\t<div class=\"col-12 col-md-6 order-md-1 text-col\">\n\t\t\t<div class=\"text\">\n\t\t\t\t<h2>Partners Group<\/h2>\n<p>Partners Group is one of the world\u2019s leading private markets investment firms. The company invests on behalf of its clients across private asset classes, including private equity, private credit, infrastructure and real estate.<\/p>\n<p><a class=\"arrow-link\" href=\"https:\/\/fokusnordictilat.fi\/en\/funds-and-development-projects\/partners-group\/\">Read more<\/a><\/p>\n\t\t\t<\/div>\n\t\t<\/div>\n\t<\/div>\n<\/div>\n\n\n<div class=\"block block-featured-block\">\n\t<div class=\"row\">\n\t\t<div class=\"col-12 col-md-6 order-md-1 image-cover\">\n\t\t\t<img loading=\"lazy\" decoding=\"async\" width=\"1640\" height=\"1230\" src=\"https:\/\/fokusnordictilat.fi\/wp-content\/uploads\/2025\/12\/Ilmakuva_Avialogis-1640x1230.jpg\" class=\"attachment-large size-large\" alt=\"\" srcset=\"https:\/\/fokusnordictilat.fi\/wp-content\/uploads\/2025\/12\/Ilmakuva_Avialogis-1640x1230.jpg 1640w, https:\/\/fokusnordictilat.fi\/wp-content\/uploads\/2025\/12\/Ilmakuva_Avialogis-536x402.jpg 536w, https:\/\/fokusnordictilat.fi\/wp-content\/uploads\/2025\/12\/Ilmakuva_Avialogis-1920x1440.jpg 1920w\" sizes=\"auto, (max-width: 1640px) 100vw, 1640px\" \/>\t\t<\/div>\n\t\t<div class=\"col-12 col-md-6 order-md-2 text-col\">\n\t\t\t<div class=\"text\">\n\t\t\t\t<h2>Logistics development project in Vantaa Aviapolis<\/h2>\n<p>We developed on behalf of international investor a state-of-the-art logistics facility to the Vantaa airport area, along Ring Road III. The surrounding area is the most coveted logistics area in Finland. The site has excellent logistics connections across Southern Finland thanks to the nearby road network.<\/p>\n<p><a class=\"arrow-link\" href=\"https:\/\/fokusnordictilat.fi\/en\/funds-and-development-projects\/logistics-development-project-in-vantaa-aviapolis\/\">Read more<\/a><\/p>\n\t\t\t<\/div>\n\t\t<\/div>\n\t<\/div>\n<\/div>\n\n\n<div class=\"block block-featured-block\">\n\t<div class=\"row\">\n\t\t<div class=\"col-12 col-md-6 order-md-2 image-cover\">\n\t\t\t<img loading=\"lazy\" decoding=\"async\" width=\"1403\" height=\"992\" src=\"https:\/\/fokusnordictilat.fi\/wp-content\/uploads\/2025\/12\/Jatsasaari_valokuva.jpg\" class=\"attachment-large size-large\" alt=\"\" srcset=\"https:\/\/fokusnordictilat.fi\/wp-content\/uploads\/2025\/12\/Jatsasaari_valokuva.jpg 1403w, https:\/\/fokusnordictilat.fi\/wp-content\/uploads\/2025\/12\/Jatsasaari_valokuva-536x379.jpg 536w\" sizes=\"auto, (max-width: 1403px) 100vw, 1403px\" \/>\t\t<\/div>\n\t\t<div class=\"col-12 col-md-6 order-md-1 text-col\">\n\t\t\t<div class=\"text\">\n\t\t\t\t<h2>Hotel and long-stay living asset in Helsinki<\/h2>\n<p>We developed a modern living property in Helsinki, located in a highly sought-after fast-growing district. The area is situated in a waterfront setting near a major Helsinki city-centre commercial hub and offers convenient access to Helsinki\u2019s CBD.<\/p>\n<p><a class=\"arrow-link\" href=\"https:\/\/fokusnordictilat.fi\/en\/funds-and-development-projects\/hotel-and-long-stay-living-asset-in-helsinki\/\">Read more<\/a><\/p>\n\t\t\t<\/div>\n\t\t<\/div>\n\t<\/div>\n<\/div>\n\n\n<div class=\"block block-featured-block\">\n\t<div class=\"row\">\n\t\t<div class=\"col-12 col-md-6 order-md-1 image-cover\">\n\t\t\t<img loading=\"lazy\" decoding=\"async\" width=\"1640\" height=\"1115\" src=\"https:\/\/fokusnordictilat.fi\/wp-content\/uploads\/2025\/12\/Katiloopisto_Kumpulan-haikaranpesa_Main-1640x1115.jpg\" class=\"attachment-large size-large\" alt=\"\" srcset=\"https:\/\/fokusnordictilat.fi\/wp-content\/uploads\/2025\/12\/Katiloopisto_Kumpulan-haikaranpesa_Main-1640x1115.jpg 1640w, https:\/\/fokusnordictilat.fi\/wp-content\/uploads\/2025\/12\/Katiloopisto_Kumpulan-haikaranpesa_Main-536x365.jpg 536w, https:\/\/fokusnordictilat.fi\/wp-content\/uploads\/2025\/12\/Katiloopisto_Kumpulan-haikaranpesa_Main-1920x1306.jpg 1920w\" sizes=\"auto, (max-width: 1640px) 100vw, 1640px\" \/>\t\t<\/div>\n\t\t<div class=\"col-12 col-md-6 order-md-2 text-col\">\n\t\t\t<div class=\"text\">\n\t\t\t\t<h2>Urban redevelopment in Kumpula, Helsinki<\/h2>\n<p>We partnered with Anttinen Oiva Architects, MASU Planning, A-Insin\u00f6\u00f6rit and Sweco, to bring new life to the former K\u00e4til\u00f6opisto maternity hospital. The proposed development plan was selected as the winning entry in the city\u2019s development competition.<\/p>\n<p><a class=\"arrow-link\" href=\"https:\/\/fokusnordictilat.fi\/en\/funds-and-development-projects\/urban-redevelopment-in-kumpula-helsinki\/\">Read more<\/a><\/p>\n\t\t\t<\/div>\n\t\t<\/div>\n\t<\/div>\n<\/div>\n\n\n<div class=\"block block-featured-block\">\n\t<div class=\"row\">\n\t\t<div class=\"col-12 col-md-6 order-md-2 image-cover\">\n\t\t\t<img loading=\"lazy\" decoding=\"async\" width=\"1640\" height=\"1092\" src=\"https:\/\/fokusnordictilat.fi\/wp-content\/uploads\/2025\/12\/DJI_0611-2-1640x1092.jpg\" class=\"attachment-large size-large\" alt=\"\" srcset=\"https:\/\/fokusnordictilat.fi\/wp-content\/uploads\/2025\/12\/DJI_0611-2-1640x1092.jpg 1640w, https:\/\/fokusnordictilat.fi\/wp-content\/uploads\/2025\/12\/DJI_0611-2-536x357.jpg 536w, https:\/\/fokusnordictilat.fi\/wp-content\/uploads\/2025\/12\/DJI_0611-2.jpg 1740w\" sizes=\"auto, (max-width: 1640px) 100vw, 1640px\" \/>\t\t<\/div>\n\t\t<div class=\"col-12 col-md-6 order-md-1 text-col\">\n\t\t\t<div class=\"text\">\n\t\t\t\t<h2>Urban redevelopment in Pyynikki, Tampere<\/h2>\n<p>Pyynikin Trikoo is a unique urban development project in Tampere that blends historical industrial heritage with modern living, sustainability, and vibrant local amenities. Nestled between a lake and the Pyynikki ridge, the area offers residents a rare combination of natural surroundings, proximity to the Tampere city center and a rich historical setting.<\/p>\n<p><a class=\"arrow-link\" href=\"https:\/\/fokusnordictilat.fi\/en\/funds-and-development-projects\/urban-redevelopment-in-pyynikki-tampere\/\">Read more<\/a><\/p>\n\t\t\t<\/div>\n\t\t<\/div>\n\t<\/div>\n<\/div>\n\n\n<div class=\"block block-featured-block\">\n\t<div class=\"row\">\n\t\t<div class=\"col-12 col-md-6 order-md-1 image-cover\">\n\t\t\t<img loading=\"lazy\" decoding=\"async\" width=\"1640\" height=\"991\" src=\"https:\/\/fokusnordictilat.fi\/wp-content\/uploads\/2025\/12\/Tikkurila-Varitehdas_valokuva-1640x991.jpg\" class=\"attachment-large size-large\" alt=\"\" srcset=\"https:\/\/fokusnordictilat.fi\/wp-content\/uploads\/2025\/12\/Tikkurila-Varitehdas_valokuva-1640x991.jpg 1640w, https:\/\/fokusnordictilat.fi\/wp-content\/uploads\/2025\/12\/Tikkurila-Varitehdas_valokuva-536x324.jpg 536w, https:\/\/fokusnordictilat.fi\/wp-content\/uploads\/2025\/12\/Tikkurila-Varitehdas_valokuva-1920x1161.jpg 1920w\" sizes=\"auto, (max-width: 1640px) 100vw, 1640px\" \/>\t\t<\/div>\n\t\t<div class=\"col-12 col-md-6 order-md-2 text-col\">\n\t\t\t<div class=\"text\">\n\t\t\t\t<h2>Property redevelopment project in Vantaa Tikkurila<\/h2>\n<p>Color Factory is a major urban redevelopment project in Tikkurila, Vantaa, transforming a historically industrial site into a vibrant, mixed-use district. The whole Color Factory area is approximately 40 hectares, and the first phase of the zoning plan covers about one-quarter of this area. PPG Tikkurila owns the majority of the 20.7-hectare development area, which is closely integrated with Tikkurila\u2019s existing city center and future tram line, offering excellent connectivity and urban accessibility. With close collaboration with PPG Tikkurila we have worked on the re-zoning work and sales of the rezoned plots.<\/p>\n<p><a class=\"arrow-link\" href=\"https:\/\/fokusnordictilat.fi\/en\/funds-and-development-projects\/property-redevelopment-project-in-vantaa-tikkurila\/\">Read more<\/a><\/p>\n\t\t\t<\/div>\n\t\t<\/div>\n\t<\/div>\n<\/div>\n\n\n<div class=\"block block-featured-block\">\n\t<div class=\"row\">\n\t\t<div class=\"col-12 col-md-6 order-md-2 image-cover\">\n\t\t\t<img loading=\"lazy\" decoding=\"async\" width=\"1640\" height=\"1093\" src=\"https:\/\/fokusnordictilat.fi\/wp-content\/uploads\/2025\/12\/Lauttis_valokuva-1640x1093.jpg\" class=\"attachment-large size-large\" alt=\"\" srcset=\"https:\/\/fokusnordictilat.fi\/wp-content\/uploads\/2025\/12\/Lauttis_valokuva-1640x1093.jpg 1640w, https:\/\/fokusnordictilat.fi\/wp-content\/uploads\/2025\/12\/Lauttis_valokuva-536x357.jpg 536w, https:\/\/fokusnordictilat.fi\/wp-content\/uploads\/2025\/12\/Lauttis_valokuva-1920x1280.jpg 1920w\" sizes=\"auto, (max-width: 1640px) 100vw, 1640px\" \/>\t\t<\/div>\n\t\t<div class=\"col-12 col-md-6 order-md-1 text-col\">\n\t\t\t<div class=\"text\">\n\t\t\t\t<h2>Grocery-Anchored, Necessity-Driven Retail Hub in Helsinki<\/h2>\n<p>We constructed a modern retail centre in Helsinki in the middle of a very sought-after residential district together with a leading developer. The property is easily accessible by various modes of transportation and is located directly above a metro station providing direct access to Helsinki\u2019s CBD as well as a large parking garage.<\/p>\n<p><a class=\"arrow-link\" href=\"https:\/\/fokusnordictilat.fi\/en\/funds-and-development-projects\/grocery-anchored-necessity-driven-retail-hub-in-helsinki\/\">Read more<\/a><\/p>\n\t\t\t<\/div>\n\t\t<\/div>\n\t<\/div>\n<\/div>\n\n\n<div class=\"block block-featured-block\">\n\t<div class=\"row\">\n\t\t<div class=\"col-12 col-md-6 order-md-1 image-cover\">\n\t\t\t<img loading=\"lazy\" decoding=\"async\" width=\"1640\" height=\"1228\" src=\"https:\/\/fokusnordictilat.fi\/wp-content\/uploads\/2025\/12\/Fredriksberg_valokuva-1640x1228.jpg\" class=\"attachment-large size-large\" alt=\"\" srcset=\"https:\/\/fokusnordictilat.fi\/wp-content\/uploads\/2025\/12\/Fredriksberg_valokuva-1640x1228.jpg 1640w, https:\/\/fokusnordictilat.fi\/wp-content\/uploads\/2025\/12\/Fredriksberg_valokuva-536x401.jpg 536w, https:\/\/fokusnordictilat.fi\/wp-content\/uploads\/2025\/12\/Fredriksberg_valokuva-1920x1438.jpg 1920w\" sizes=\"auto, (max-width: 1640px) 100vw, 1640px\" \/>\t\t<\/div>\n\t\t<div class=\"col-12 col-md-6 order-md-2 text-col\">\n\t\t\t<div class=\"text\">\n\t\t\t\t<h2>Modern office property in Helsinki<\/h2>\n<p>We sourced and assisted an international investor in acquiring a modern office property in Helsinki located in the city\u2019s office district for large occupiers. The property is situated in a developing office area with excellent access via multiple modes of transportation and convenient connectivity to Helsinki\u2019s CBD. The property is anchored by Finland\u2019s leading commercial media company.<\/p>\n<p><a class=\"arrow-link\" href=\"https:\/\/fokusnordictilat.fi\/en\/funds-and-development-projects\/modern-office-property-in-helsinki\/\">Read more<\/a><\/p>\n\t\t\t<\/div>\n\t\t<\/div>\n\t<\/div>\n<\/div>\n\n\n<div class=\"block block-featured-block\">\n\t<div class=\"row\">\n\t\t<div class=\"col-12 col-md-6 order-md-2 image-cover\">\n\t\t\t<img loading=\"lazy\" decoding=\"async\" width=\"1640\" height=\"1228\" src=\"https:\/\/fokusnordictilat.fi\/wp-content\/uploads\/2025\/12\/Eaton-valokuva-1640x1228.jpg\" class=\"attachment-large size-large\" alt=\"\" srcset=\"https:\/\/fokusnordictilat.fi\/wp-content\/uploads\/2025\/12\/Eaton-valokuva-1640x1228.jpg 1640w, https:\/\/fokusnordictilat.fi\/wp-content\/uploads\/2025\/12\/Eaton-valokuva-536x401.jpg 536w, https:\/\/fokusnordictilat.fi\/wp-content\/uploads\/2025\/12\/Eaton-valokuva-1920x1438.jpg 1920w\" sizes=\"auto, (max-width: 1640px) 100vw, 1640px\" \/>\t\t<\/div>\n\t\t<div class=\"col-12 col-md-6 order-md-1 text-col\">\n\t\t\t<div class=\"text\">\n\t\t\t\t<h2>Industrial development project in Vantaa Tuupakka<\/h2>\n<p>We developed and advanced industrial and office building to Vantaa logistics area close to Ring Road III. The surrounding district is one of Finland\u2019s premier logistics hubs, offering outstanding connections throughout Southern Finland due to its well-developed and easily accessible road network. The tenant is a publicly listed company providing services to data centers with their critical UPS requirements.<\/p>\n<p><a class=\"arrow-link\" href=\"https:\/\/fokusnordictilat.fi\/en\/funds-and-development-projects\/industrial-development-project-in-vantaa-tuupakka\/\">Read more<\/a><\/p>\n\t\t\t<\/div>\n\t\t<\/div>\n\t<\/div>\n<\/div>\n\n\n<div class=\"block block-featured-block\">\n\t<div class=\"row\">\n\t\t<div class=\"col-12 col-md-6 order-md-1 image-cover\">\n\t\t\t<img loading=\"lazy\" decoding=\"async\" width=\"1640\" height=\"1093\" src=\"https:\/\/fokusnordictilat.fi\/wp-content\/uploads\/2025\/12\/Wihuri_valokuva-1640x1093.jpg\" class=\"attachment-large size-large\" alt=\"\" srcset=\"https:\/\/fokusnordictilat.fi\/wp-content\/uploads\/2025\/12\/Wihuri_valokuva-1640x1093.jpg 1640w, https:\/\/fokusnordictilat.fi\/wp-content\/uploads\/2025\/12\/Wihuri_valokuva-536x357.jpg 536w, https:\/\/fokusnordictilat.fi\/wp-content\/uploads\/2025\/12\/Wihuri_valokuva-1920x1280.jpg 1920w\" sizes=\"auto, (max-width: 1640px) 100vw, 1640px\" \/>\t\t<\/div>\n\t\t<div class=\"col-12 col-md-6 order-md-2 text-col\">\n\t\t\t<div class=\"text\">\n\t\t\t\t<h2>A modern logistics development project in Vantaa Aviapolis<\/h2>\n<p>We constructed a modern logistics property to Vantaa prime logistics area close to Ring Road III together with a leading developer. The area is Finland\u2019s most sought-after logistics locations, providing excellent access across Southern Finland thanks to its comprehensive and conveniently connected road network.<\/p>\n<p><a class=\"arrow-link\" href=\"https:\/\/fokusnordictilat.fi\/en\/funds-and-development-projects\/a-modern-logistics-development-project-in-vantaa-aviapolis\/\">Read more<\/a><\/p>\n\t\t\t<\/div>\n\t\t<\/div>\n\t<\/div>\n<\/div>\n","protected":false},"excerpt":{"rendered":"","protected":false},"author":1,"featured_media":3816,"parent":0,"menu_order":0,"comment_status":"closed","ping_status":"closed","template":"","meta":{"_acf_changed":false,"footnotes":""},"class_list":["post-3814","page","type-page","status-publish","has-post-thumbnail","hentry"],"acf":[],"yoast_head":"<!-- This site is optimized with the Yoast SEO plugin v27.3 - https:\/\/yoast.com\/product\/yoast-seo-wordpress\/ -->\n<title>Funds, Mandates and Development Projects - Fokus Nordic -tilat<\/title>\n<meta name=\"robots\" content=\"index, follow, max-snippet:-1, max-image-preview:large, max-video-preview:-1\" \/>\n<link rel=\"canonical\" href=\"https:\/\/fokusnordictilat.fi\/en\/funds-and-development-projects\/\" \/>\n<meta property=\"og:locale\" content=\"en_US\" \/>\n<meta property=\"og:type\" content=\"article\" \/>\n<meta property=\"og:title\" content=\"Funds, Mandates and Development Projects - Fokus Nordic -tilat\" \/>\n<meta property=\"og:url\" content=\"https:\/\/fokusnordictilat.fi\/en\/funds-and-development-projects\/\" \/>\n<meta property=\"og:site_name\" content=\"Fokus Nordic -tilat\" \/>\n<meta property=\"article:modified_time\" content=\"2026-04-09T13:29:36+00:00\" \/>\n<meta property=\"og:image\" content=\"https:\/\/fokusnordictilat.fi\/wp-content\/uploads\/2025\/12\/iStock-1338652984.jpg\" \/>\n\t<meta property=\"og:image:width\" content=\"1255\" \/>\n\t<meta property=\"og:image:height\" content=\"836\" \/>\n\t<meta property=\"og:image:type\" content=\"image\/jpeg\" \/>\n<meta name=\"twitter:card\" content=\"summary_large_image\" \/>\n<meta name=\"twitter:label1\" content=\"Est. reading time\" \/>\n\t<meta name=\"twitter:data1\" content=\"1 minute\" \/>\n<script type=\"application\/ld+json\" class=\"yoast-schema-graph\">{\"@context\":\"https:\\\/\\\/schema.org\",\"@graph\":[{\"@type\":\"WebPage\",\"@id\":\"https:\\\/\\\/fokusnordictilat.fi\\\/en\\\/funds-and-development-projects\\\/\",\"url\":\"https:\\\/\\\/fokusnordictilat.fi\\\/en\\\/funds-and-development-projects\\\/\",\"name\":\"Funds, Mandates and Development Projects - Fokus Nordic -tilat\",\"isPartOf\":{\"@id\":\"https:\\\/\\\/fokusnordictilat.fi\\\/en\\\/#website\"},\"primaryImageOfPage\":{\"@id\":\"https:\\\/\\\/fokusnordictilat.fi\\\/en\\\/funds-and-development-projects\\\/#primaryimage\"},\"image\":{\"@id\":\"https:\\\/\\\/fokusnordictilat.fi\\\/en\\\/funds-and-development-projects\\\/#primaryimage\"},\"thumbnailUrl\":\"https:\\\/\\\/fokusnordictilat.fi\\\/wp-content\\\/uploads\\\/2025\\\/12\\\/iStock-1338652984.jpg\",\"datePublished\":\"2025-12-01T10:02:55+00:00\",\"dateModified\":\"2026-04-09T13:29:36+00:00\",\"breadcrumb\":{\"@id\":\"https:\\\/\\\/fokusnordictilat.fi\\\/en\\\/funds-and-development-projects\\\/#breadcrumb\"},\"inLanguage\":\"en-US\",\"potentialAction\":[{\"@type\":\"ReadAction\",\"target\":[\"https:\\\/\\\/fokusnordictilat.fi\\\/en\\\/funds-and-development-projects\\\/\"]}]},{\"@type\":\"ImageObject\",\"inLanguage\":\"en-US\",\"@id\":\"https:\\\/\\\/fokusnordictilat.fi\\\/en\\\/funds-and-development-projects\\\/#primaryimage\",\"url\":\"https:\\\/\\\/fokusnordictilat.fi\\\/wp-content\\\/uploads\\\/2025\\\/12\\\/iStock-1338652984.jpg\",\"contentUrl\":\"https:\\\/\\\/fokusnordictilat.fi\\\/wp-content\\\/uploads\\\/2025\\\/12\\\/iStock-1338652984.jpg\",\"width\":1255,\"height\":836},{\"@type\":\"BreadcrumbList\",\"@id\":\"https:\\\/\\\/fokusnordictilat.fi\\\/en\\\/funds-and-development-projects\\\/#breadcrumb\",\"itemListElement\":[{\"@type\":\"ListItem\",\"position\":1,\"name\":\"Home\",\"item\":\"https:\\\/\\\/fokusnordictilat.fi\\\/en\\\/\"},{\"@type\":\"ListItem\",\"position\":2,\"name\":\"Funds, Mandates and Development Projects\"}]},{\"@type\":\"WebSite\",\"@id\":\"https:\\\/\\\/fokusnordictilat.fi\\\/en\\\/#website\",\"url\":\"https:\\\/\\\/fokusnordictilat.fi\\\/en\\\/\",\"name\":\"Fokus Nordic -tilat\",\"description\":\"\",\"potentialAction\":[{\"@type\":\"SearchAction\",\"target\":{\"@type\":\"EntryPoint\",\"urlTemplate\":\"https:\\\/\\\/fokusnordictilat.fi\\\/en\\\/?s={search_term_string}\"},\"query-input\":{\"@type\":\"PropertyValueSpecification\",\"valueRequired\":true,\"valueName\":\"search_term_string\"}}],\"inLanguage\":\"en-US\"}]}<\/script>\n<!-- \/ Yoast SEO plugin. -->","yoast_head_json":{"title":"Funds, Mandates and Development Projects - Fokus Nordic -tilat","robots":{"index":"index","follow":"follow","max-snippet":"max-snippet:-1","max-image-preview":"max-image-preview:large","max-video-preview":"max-video-preview:-1"},"canonical":"https:\/\/fokusnordictilat.fi\/en\/funds-and-development-projects\/","og_locale":"en_US","og_type":"article","og_title":"Funds, Mandates and Development Projects - Fokus Nordic -tilat","og_url":"https:\/\/fokusnordictilat.fi\/en\/funds-and-development-projects\/","og_site_name":"Fokus Nordic -tilat","article_modified_time":"2026-04-09T13:29:36+00:00","og_image":[{"width":1255,"height":836,"url":"https:\/\/fokusnordictilat.fi\/wp-content\/uploads\/2025\/12\/iStock-1338652984.jpg","type":"image\/jpeg"}],"twitter_card":"summary_large_image","twitter_misc":{"Est. reading time":"1 minute"},"schema":{"@context":"https:\/\/schema.org","@graph":[{"@type":"WebPage","@id":"https:\/\/fokusnordictilat.fi\/en\/funds-and-development-projects\/","url":"https:\/\/fokusnordictilat.fi\/en\/funds-and-development-projects\/","name":"Funds, Mandates and Development Projects - Fokus Nordic -tilat","isPartOf":{"@id":"https:\/\/fokusnordictilat.fi\/en\/#website"},"primaryImageOfPage":{"@id":"https:\/\/fokusnordictilat.fi\/en\/funds-and-development-projects\/#primaryimage"},"image":{"@id":"https:\/\/fokusnordictilat.fi\/en\/funds-and-development-projects\/#primaryimage"},"thumbnailUrl":"https:\/\/fokusnordictilat.fi\/wp-content\/uploads\/2025\/12\/iStock-1338652984.jpg","datePublished":"2025-12-01T10:02:55+00:00","dateModified":"2026-04-09T13:29:36+00:00","breadcrumb":{"@id":"https:\/\/fokusnordictilat.fi\/en\/funds-and-development-projects\/#breadcrumb"},"inLanguage":"en-US","potentialAction":[{"@type":"ReadAction","target":["https:\/\/fokusnordictilat.fi\/en\/funds-and-development-projects\/"]}]},{"@type":"ImageObject","inLanguage":"en-US","@id":"https:\/\/fokusnordictilat.fi\/en\/funds-and-development-projects\/#primaryimage","url":"https:\/\/fokusnordictilat.fi\/wp-content\/uploads\/2025\/12\/iStock-1338652984.jpg","contentUrl":"https:\/\/fokusnordictilat.fi\/wp-content\/uploads\/2025\/12\/iStock-1338652984.jpg","width":1255,"height":836},{"@type":"BreadcrumbList","@id":"https:\/\/fokusnordictilat.fi\/en\/funds-and-development-projects\/#breadcrumb","itemListElement":[{"@type":"ListItem","position":1,"name":"Home","item":"https:\/\/fokusnordictilat.fi\/en\/"},{"@type":"ListItem","position":2,"name":"Funds, Mandates and Development Projects"}]},{"@type":"WebSite","@id":"https:\/\/fokusnordictilat.fi\/en\/#website","url":"https:\/\/fokusnordictilat.fi\/en\/","name":"Fokus Nordic -tilat","description":"","potentialAction":[{"@type":"SearchAction","target":{"@type":"EntryPoint","urlTemplate":"https:\/\/fokusnordictilat.fi\/en\/?s={search_term_string}"},"query-input":{"@type":"PropertyValueSpecification","valueRequired":true,"valueName":"search_term_string"}}],"inLanguage":"en-US"}]}},"_links":{"self":[{"href":"https:\/\/fokusnordictilat.fi\/en\/wp-json\/wp\/v2\/pages\/3814","targetHints":{"allow":["GET"]}}],"collection":[{"href":"https:\/\/fokusnordictilat.fi\/en\/wp-json\/wp\/v2\/pages"}],"about":[{"href":"https:\/\/fokusnordictilat.fi\/en\/wp-json\/wp\/v2\/types\/page"}],"author":[{"embeddable":true,"href":"https:\/\/fokusnordictilat.fi\/en\/wp-json\/wp\/v2\/users\/1"}],"replies":[{"embeddable":true,"href":"https:\/\/fokusnordictilat.fi\/en\/wp-json\/wp\/v2\/comments?post=3814"}],"version-history":[{"count":10,"href":"https:\/\/fokusnordictilat.fi\/en\/wp-json\/wp\/v2\/pages\/3814\/revisions"}],"predecessor-version":[{"id":5420,"href":"https:\/\/fokusnordictilat.fi\/en\/wp-json\/wp\/v2\/pages\/3814\/revisions\/5420"}],"wp:featuredmedia":[{"embeddable":true,"href":"https:\/\/fokusnordictilat.fi\/en\/wp-json\/wp\/v2\/media\/3816"}],"wp:attachment":[{"href":"https:\/\/fokusnordictilat.fi\/en\/wp-json\/wp\/v2\/media?parent=3814"}],"curies":[{"name":"wp","href":"https:\/\/api.w.org\/{rel}","templated":true}]}}