{"id":3832,"date":"2025-12-09T09:17:00","date_gmt":"2025-12-09T07:17:00","guid":{"rendered":"https:\/\/fokusnordictilat.fi\/funds-and-development-projects\/kaupunkikehityshanke-kumpulassa-helsingissa\/"},"modified":"2025-12-09T09:48:09","modified_gmt":"2025-12-09T07:48:09","slug":"urban-redevelopment-in-kumpula-helsinki","status":"publish","type":"page","link":"https:\/\/fokusnordictilat.fi\/en\/funds-and-development-projects\/urban-redevelopment-in-kumpula-helsinki\/","title":{"rendered":"Urban redevelopment in Kumpula, Helsinki"},"content":{"rendered":"\n<p>We partnered with Anttinen Oiva Architects, MASU Planning, A-Insin\u00f6\u00f6rit and Sweco, to bring new life to the former K\u00e4til\u00f6opisto maternity hospital.&nbsp; The proposed development plan was selected as the winning entry in the city\u2019s development competition.<\/p>\n\n\n\n<p>Vacant since 2018, the former maternity hospital will be transformed into a vibrant, socially sustainable residential community. The concept creates a multigenerational environment that brings students, seniors, and families under the same roof. Redevelopment will take place both within the original 1960 building and in new buildings replacing the current parking area.<\/p>\n\n\n\n<p>The project includes<\/p>\n\n\n\n<ul class=\"wp-block-list\">\n<li>Designing a mixed-use neighborhood integrating students, seniors, and families<\/li>\n\n\n\n<li>Redeveloping the existing 1960s building structure and constructing new residential buildings<\/li>\n\n\n\n<li>Creating approximately 30,000 sqm of residential space, commercial premises, and community services<\/li>\n\n\n\n<li>Integrating extensive green areas as extensions of the residents\u2019 living environment<\/li>\n\n\n\n<li>Designing communal spaces that encourage social interaction,<\/li>\n\n\n\n<li>Prioritising ESG objectives throughout the renovation and construction process<\/li>\n\n\n\n<li>Minimising the lifecycle carbon footprint of the development<\/li>\n\n\n\n<li>Strengthening a sense of community to reduce loneliness and support social wellbeing<\/li>\n<\/ul>\n\n\n\n<p>Key features of the property<\/p>\n\n\n\n<ul class=\"wp-block-list\">\n<li>Approx. 30,000 sqm of residential, commercial, and service space<\/li>\n\n\n\n<li>Multigenerational living concept combining students, seniors, and families<\/li>\n\n\n\n<li>Transformation of a historically significant former hospital into a modern neighbourhood<\/li>\n\n\n\n<li>New buildings replacing the former parking area to enhance land use efficiency<\/li>\n\n\n\n<li>High ESG ambitions and lifecycle carbon footprint reduction<\/li>\n\n\n\n<li>Abundant surrounding green areas functioning as natural extensions of homes<\/li>\n\n\n\n<li>Communal amenities that promote interaction and wellbeing<\/li>\n<\/ul>\n","protected":false},"excerpt":{"rendered":"<p>We partnered with Anttinen Oiva Architects, MASU Planning, A-Insin\u00f6\u00f6rit and Sweco, to bring new life to the former K\u00e4til\u00f6opisto maternity hospital.&nbsp; The proposed development plan was selected as the winning entry in the city\u2019s development competition. Vacant since 2018, the former maternity hospital will be transformed into a vibrant, socially&hellip;<\/p>\n","protected":false},"author":1,"featured_media":3833,"parent":3814,"menu_order":0,"comment_status":"closed","ping_status":"closed","template":"","meta":{"_acf_changed":false,"footnotes":""},"class_list":["post-3832","page","type-page","status-publish","has-post-thumbnail","hentry"],"acf":[],"yoast_head":"<!-- This site is optimized with the Yoast SEO plugin v27.3 - https:\/\/yoast.com\/product\/yoast-seo-wordpress\/ -->\n<title>Urban redevelopment in Kumpula, Helsinki - Fokus Nordic -tilat<\/title>\n<meta name=\"robots\" content=\"index, follow, max-snippet:-1, max-image-preview:large, max-video-preview:-1\" \/>\n<link rel=\"canonical\" href=\"https:\/\/fokusnordictilat.fi\/en\/funds-and-development-projects\/urban-redevelopment-in-kumpula-helsinki\/\" \/>\n<meta property=\"og:locale\" content=\"en_US\" \/>\n<meta property=\"og:type\" content=\"article\" \/>\n<meta property=\"og:title\" content=\"Urban redevelopment in Kumpula, Helsinki - Fokus Nordic -tilat\" \/>\n<meta property=\"og:description\" content=\"We partnered with Anttinen Oiva Architects, MASU Planning, A-Insin\u00f6\u00f6rit and Sweco, to bring new life to the former K\u00e4til\u00f6opisto maternity hospital.&nbsp; The proposed development plan was selected as the winning entry in the city\u2019s development competition. Vacant since 2018, the former maternity hospital will be transformed into a vibrant, socially&hellip;\" \/>\n<meta property=\"og:url\" content=\"https:\/\/fokusnordictilat.fi\/en\/funds-and-development-projects\/urban-redevelopment-in-kumpula-helsinki\/\" \/>\n<meta property=\"og:site_name\" content=\"Fokus Nordic -tilat\" \/>\n<meta property=\"article:modified_time\" content=\"2025-12-09T07:48:09+00:00\" \/>\n<meta property=\"og:image\" content=\"https:\/\/fokusnordictilat.fi\/wp-content\/uploads\/2025\/12\/Katiloopisto_Kumpulan-haikaranpesa_Main.jpg\" \/>\n\t<meta property=\"og:image:width\" content=\"2560\" \/>\n\t<meta property=\"og:image:height\" content=\"1741\" \/>\n\t<meta property=\"og:image:type\" content=\"image\/jpeg\" \/>\n<meta name=\"twitter:card\" content=\"summary_large_image\" \/>\n<meta name=\"twitter:label1\" content=\"Est. reading time\" \/>\n\t<meta name=\"twitter:data1\" content=\"2 minutes\" \/>\n<script type=\"application\/ld+json\" class=\"yoast-schema-graph\">{\"@context\":\"https:\\\/\\\/schema.org\",\"@graph\":[{\"@type\":\"WebPage\",\"@id\":\"https:\\\/\\\/fokusnordictilat.fi\\\/en\\\/funds-and-development-projects\\\/urban-redevelopment-in-kumpula-helsinki\\\/\",\"url\":\"https:\\\/\\\/fokusnordictilat.fi\\\/en\\\/funds-and-development-projects\\\/urban-redevelopment-in-kumpula-helsinki\\\/\",\"name\":\"Urban redevelopment in Kumpula, Helsinki - Fokus Nordic -tilat\",\"isPartOf\":{\"@id\":\"https:\\\/\\\/fokusnordictilat.fi\\\/en\\\/#website\"},\"primaryImageOfPage\":{\"@id\":\"https:\\\/\\\/fokusnordictilat.fi\\\/en\\\/funds-and-development-projects\\\/urban-redevelopment-in-kumpula-helsinki\\\/#primaryimage\"},\"image\":{\"@id\":\"https:\\\/\\\/fokusnordictilat.fi\\\/en\\\/funds-and-development-projects\\\/urban-redevelopment-in-kumpula-helsinki\\\/#primaryimage\"},\"thumbnailUrl\":\"https:\\\/\\\/fokusnordictilat.fi\\\/wp-content\\\/uploads\\\/2025\\\/12\\\/Katiloopisto_Kumpulan-haikaranpesa_Main.jpg\",\"datePublished\":\"2025-12-09T07:17:00+00:00\",\"dateModified\":\"2025-12-09T07:48:09+00:00\",\"breadcrumb\":{\"@id\":\"https:\\\/\\\/fokusnordictilat.fi\\\/en\\\/funds-and-development-projects\\\/urban-redevelopment-in-kumpula-helsinki\\\/#breadcrumb\"},\"inLanguage\":\"en-US\",\"potentialAction\":[{\"@type\":\"ReadAction\",\"target\":[\"https:\\\/\\\/fokusnordictilat.fi\\\/en\\\/funds-and-development-projects\\\/urban-redevelopment-in-kumpula-helsinki\\\/\"]}]},{\"@type\":\"ImageObject\",\"inLanguage\":\"en-US\",\"@id\":\"https:\\\/\\\/fokusnordictilat.fi\\\/en\\\/funds-and-development-projects\\\/urban-redevelopment-in-kumpula-helsinki\\\/#primaryimage\",\"url\":\"https:\\\/\\\/fokusnordictilat.fi\\\/wp-content\\\/uploads\\\/2025\\\/12\\\/Katiloopisto_Kumpulan-haikaranpesa_Main.jpg\",\"contentUrl\":\"https:\\\/\\\/fokusnordictilat.fi\\\/wp-content\\\/uploads\\\/2025\\\/12\\\/Katiloopisto_Kumpulan-haikaranpesa_Main.jpg\",\"width\":2560,\"height\":1741},{\"@type\":\"BreadcrumbList\",\"@id\":\"https:\\\/\\\/fokusnordictilat.fi\\\/en\\\/funds-and-development-projects\\\/urban-redevelopment-in-kumpula-helsinki\\\/#breadcrumb\",\"itemListElement\":[{\"@type\":\"ListItem\",\"position\":1,\"name\":\"Home\",\"item\":\"https:\\\/\\\/fokusnordictilat.fi\\\/en\\\/\"},{\"@type\":\"ListItem\",\"position\":2,\"name\":\"Funds, Mandates and Development Projects\",\"item\":\"https:\\\/\\\/fokusnordictilat.fi\\\/en\\\/funds-and-development-projects\\\/\"},{\"@type\":\"ListItem\",\"position\":3,\"name\":\"Urban redevelopment in Kumpula, Helsinki\"}]},{\"@type\":\"WebSite\",\"@id\":\"https:\\\/\\\/fokusnordictilat.fi\\\/en\\\/#website\",\"url\":\"https:\\\/\\\/fokusnordictilat.fi\\\/en\\\/\",\"name\":\"Fokus Nordic -tilat\",\"description\":\"\",\"potentialAction\":[{\"@type\":\"SearchAction\",\"target\":{\"@type\":\"EntryPoint\",\"urlTemplate\":\"https:\\\/\\\/fokusnordictilat.fi\\\/en\\\/?s={search_term_string}\"},\"query-input\":{\"@type\":\"PropertyValueSpecification\",\"valueRequired\":true,\"valueName\":\"search_term_string\"}}],\"inLanguage\":\"en-US\"}]}<\/script>\n<!-- \/ Yoast SEO plugin. -->","yoast_head_json":{"title":"Urban redevelopment in Kumpula, Helsinki - Fokus Nordic -tilat","robots":{"index":"index","follow":"follow","max-snippet":"max-snippet:-1","max-image-preview":"max-image-preview:large","max-video-preview":"max-video-preview:-1"},"canonical":"https:\/\/fokusnordictilat.fi\/en\/funds-and-development-projects\/urban-redevelopment-in-kumpula-helsinki\/","og_locale":"en_US","og_type":"article","og_title":"Urban redevelopment in Kumpula, Helsinki - Fokus Nordic -tilat","og_description":"We partnered with Anttinen Oiva Architects, MASU Planning, A-Insin\u00f6\u00f6rit and Sweco, to bring new life to the former K\u00e4til\u00f6opisto maternity hospital.&nbsp; The proposed development plan was selected as the winning entry in the city\u2019s development competition. Vacant since 2018, the former maternity hospital will be transformed into a vibrant, socially&hellip;","og_url":"https:\/\/fokusnordictilat.fi\/en\/funds-and-development-projects\/urban-redevelopment-in-kumpula-helsinki\/","og_site_name":"Fokus Nordic -tilat","article_modified_time":"2025-12-09T07:48:09+00:00","og_image":[{"width":2560,"height":1741,"url":"https:\/\/fokusnordictilat.fi\/wp-content\/uploads\/2025\/12\/Katiloopisto_Kumpulan-haikaranpesa_Main.jpg","type":"image\/jpeg"}],"twitter_card":"summary_large_image","twitter_misc":{"Est. reading time":"2 minutes"},"schema":{"@context":"https:\/\/schema.org","@graph":[{"@type":"WebPage","@id":"https:\/\/fokusnordictilat.fi\/en\/funds-and-development-projects\/urban-redevelopment-in-kumpula-helsinki\/","url":"https:\/\/fokusnordictilat.fi\/en\/funds-and-development-projects\/urban-redevelopment-in-kumpula-helsinki\/","name":"Urban redevelopment in Kumpula, Helsinki - Fokus Nordic -tilat","isPartOf":{"@id":"https:\/\/fokusnordictilat.fi\/en\/#website"},"primaryImageOfPage":{"@id":"https:\/\/fokusnordictilat.fi\/en\/funds-and-development-projects\/urban-redevelopment-in-kumpula-helsinki\/#primaryimage"},"image":{"@id":"https:\/\/fokusnordictilat.fi\/en\/funds-and-development-projects\/urban-redevelopment-in-kumpula-helsinki\/#primaryimage"},"thumbnailUrl":"https:\/\/fokusnordictilat.fi\/wp-content\/uploads\/2025\/12\/Katiloopisto_Kumpulan-haikaranpesa_Main.jpg","datePublished":"2025-12-09T07:17:00+00:00","dateModified":"2025-12-09T07:48:09+00:00","breadcrumb":{"@id":"https:\/\/fokusnordictilat.fi\/en\/funds-and-development-projects\/urban-redevelopment-in-kumpula-helsinki\/#breadcrumb"},"inLanguage":"en-US","potentialAction":[{"@type":"ReadAction","target":["https:\/\/fokusnordictilat.fi\/en\/funds-and-development-projects\/urban-redevelopment-in-kumpula-helsinki\/"]}]},{"@type":"ImageObject","inLanguage":"en-US","@id":"https:\/\/fokusnordictilat.fi\/en\/funds-and-development-projects\/urban-redevelopment-in-kumpula-helsinki\/#primaryimage","url":"https:\/\/fokusnordictilat.fi\/wp-content\/uploads\/2025\/12\/Katiloopisto_Kumpulan-haikaranpesa_Main.jpg","contentUrl":"https:\/\/fokusnordictilat.fi\/wp-content\/uploads\/2025\/12\/Katiloopisto_Kumpulan-haikaranpesa_Main.jpg","width":2560,"height":1741},{"@type":"BreadcrumbList","@id":"https:\/\/fokusnordictilat.fi\/en\/funds-and-development-projects\/urban-redevelopment-in-kumpula-helsinki\/#breadcrumb","itemListElement":[{"@type":"ListItem","position":1,"name":"Home","item":"https:\/\/fokusnordictilat.fi\/en\/"},{"@type":"ListItem","position":2,"name":"Funds, Mandates and Development Projects","item":"https:\/\/fokusnordictilat.fi\/en\/funds-and-development-projects\/"},{"@type":"ListItem","position":3,"name":"Urban redevelopment in Kumpula, Helsinki"}]},{"@type":"WebSite","@id":"https:\/\/fokusnordictilat.fi\/en\/#website","url":"https:\/\/fokusnordictilat.fi\/en\/","name":"Fokus Nordic -tilat","description":"","potentialAction":[{"@type":"SearchAction","target":{"@type":"EntryPoint","urlTemplate":"https:\/\/fokusnordictilat.fi\/en\/?s={search_term_string}"},"query-input":{"@type":"PropertyValueSpecification","valueRequired":true,"valueName":"search_term_string"}}],"inLanguage":"en-US"}]}},"_links":{"self":[{"href":"https:\/\/fokusnordictilat.fi\/en\/wp-json\/wp\/v2\/pages\/3832","targetHints":{"allow":["GET"]}}],"collection":[{"href":"https:\/\/fokusnordictilat.fi\/en\/wp-json\/wp\/v2\/pages"}],"about":[{"href":"https:\/\/fokusnordictilat.fi\/en\/wp-json\/wp\/v2\/types\/page"}],"author":[{"embeddable":true,"href":"https:\/\/fokusnordictilat.fi\/en\/wp-json\/wp\/v2\/users\/1"}],"replies":[{"embeddable":true,"href":"https:\/\/fokusnordictilat.fi\/en\/wp-json\/wp\/v2\/comments?post=3832"}],"version-history":[{"count":1,"href":"https:\/\/fokusnordictilat.fi\/en\/wp-json\/wp\/v2\/pages\/3832\/revisions"}],"predecessor-version":[{"id":3834,"href":"https:\/\/fokusnordictilat.fi\/en\/wp-json\/wp\/v2\/pages\/3832\/revisions\/3834"}],"up":[{"embeddable":true,"href":"https:\/\/fokusnordictilat.fi\/en\/wp-json\/wp\/v2\/pages\/3814"}],"wp:featuredmedia":[{"embeddable":true,"href":"https:\/\/fokusnordictilat.fi\/en\/wp-json\/wp\/v2\/media\/3833"}],"wp:attachment":[{"href":"https:\/\/fokusnordictilat.fi\/en\/wp-json\/wp\/v2\/media?parent=3832"}],"curies":[{"name":"wp","href":"https:\/\/api.w.org\/{rel}","templated":true}]}}